{"id":35,"date":"2021-03-20T14:59:48","date_gmt":"2021-03-20T11:59:48","guid":{"rendered":"http:\/\/muravina.com\/?page_id=35"},"modified":"2025-06-24T19:59:06","modified_gmt":"2025-06-24T16:59:06","slug":"biografiya","status":"publish","type":"page","link":"https:\/\/muravina.com\/en\/biografiya\/","title":{"rendered":"Biography"},"content":{"rendered":"<p><em>\u00abThe sculptures by Olga Muravina have a rare quality to please in everyday life, and not only in a gallery or museum. This is living art that you want to keep next to you as a necessary beautiful thing. Her sculptures appeal to deep emotions of playing, security, and tactile communication with the world while at the same time building an aesthetic distance in relation to those non-reflective and basically childish energies that inspire her creativity.<\/em><\/p>\n<p><em>Olga Muravina virtuously masters the form and endows it with the most delicate brutality, perhaps in order to neutralize the pathos that accompanies the maestra and the medium of mastery itself &#8211; stone and bronze. Besides those materials of eternity, Shakespeare&#8217;s reminder that we are made of the same substance as dreams seems less poetry than a bare fact of reality. Olga Muravina transfers the transitoriness of dreams into materials of eternity, and creates sculptures as a stunning fact of our poetic existence\u201d.<\/em><\/p>\n<p><em>A. Evangeli \/ Curator, art critic and theorist of contemporary art<\/em><\/p>\n<p>\u200d<br \/>\nOlga Muravina\u00a0 ( OLYA MURAVINA, OMUR )\u00a0 is a famous Moscow artist. She studied and graduated at the Moscow Academic Art Lyceum and Moscow State Academic Art Institute named after Surikov. In 2000, she joined the Moscow Union of Artists and Union of Moscow Sculptors, and founded the art-project \u00abArs forma\u00bb. In 2008, Olga joined the Moscow Union of Designers.<br \/>\nShe has participated in more than 60 exhibitions and art projects in the Netherlands, Germany, Spain, USA, Singapore, China, Hong Kong, Spain, Monaco, Russia<\/p>\n<p>The works are in the State Russian Museum in St. Petersburg, in other museums and private collections in Russia, Italy, Spain, France, Israel, Netherlands, Germany, Monaco,\u00a0 USA, Singapore<\/p>\n<p>&nbsp;<\/p>\n<p>&nbsp;<\/p>\n<p>Biography:<\/p>\n<p>1975 Was born in Moscow.<br \/>\n1986-1993 Studied and graduated the Moscow Academic Art Lyceum<br \/>\n1993-2000 Studied and graduated the Moscow State Academic Art Institute named<br \/>\nafter Surikov V.I.<br \/>\n2000 Received scholarship of the Russian Union of artists.<br \/>\n2000 Joined the <a href=\"http:\/\/artanum.ru\/dec\/db\/invention.php?id=39\">Moscow Union of Artists<\/a> and the <a href=\"https:\/\/oms.ru\/authors\/muravina-olga-viktorovna\">Union of Moscow sculptors<\/a><br \/>\n2000 Founded art-project \u00abArs forma\u00bb<br \/>\n2008 Joined the Moscow Union of designers<br \/>\n2018 <a href=\"http:\/\/www.meta-object.com\">Founded CCAD Metaobject<\/a><br \/>\n2023 Joined <a href=\"https:\/\/sculptors.org.uk\/\">The Royal Society of Sculptors<\/a><br \/>\n2023 Award in the category &#8220;Plastic Arts&#8221;, status: Particularly outstanding artist, Israel, Tel-Avi<\/p>\n<p>&nbsp;<\/p>\n<p>Solo exhibitions:<\/p>\n<p>2010 <a href=\"http:\/\/muravina.com\/en\/news\/vystavka-v-marse\/\">Personal exhibition, &#8220;Small Moscow Paradise&#8221;, Center of contemporary art &#8220;M`ars&#8221;, Moscow<\/a>.<\/p>\n<p>2010<a href=\"http:\/\/muravina.com\/en\/news\/443-2\/\"> Personal exhibition, gallery &#8220;Noordeinde&#8221; in The Hague, the Netherlands<\/a><\/p>\n<p>2011 <a href=\"http:\/\/muravina.com\/en\/news\/personalnaya-vystavka-malchik-na-solncze-v-muzee-palaty-stroganovyh-g-usole\/\">Personal exhibition, &#8220;Boy on the sun&#8221;, Perm, Usolie.<\/a><\/p>\n<p>2013 <a href=\"http:\/\/muravina.com\/en\/news\/vystavka-czsi-vinzavod\/\">Personal exhibition \u00abToys. Perfect World\u00bb gallery 11.12 Winzavod Centre of<\/a><br \/>\nContemporary Art<\/p>\n<p>2013<a href=\"http:\/\/muravina.com\/en\/news\/design-village-crocus-expo\/\"> Personal exhibition,\u00a0 Design village, Crocus City, Moscow<\/a>.<\/p>\n<p>2013 <a href=\"http:\/\/muravina.com\/en\/news\/vystavka-toys-perfect-world\/\">Personal exhibition, \u00abToys. Perfect World\u00bb, Museum &#8220;\u0421hamber of the Stroganovs&#8221;, Usolie.<\/a><\/p>\n<p>2015 Personal exhibition, Moscow State Pedagogical University, Moscow<\/p>\n<p>2018 <a href=\"http:\/\/muravina.com\/en\/news\/vystavka-v-sagaro\/\">Solo exhibition, &#8220;Easy reverie&#8221;, Alabriga, Spain<\/a><\/p>\n<p>2020 <a href=\"http:\/\/muravina.com\/en\/news\/644-2\/\">Solo exhibition of Urban Sculpture in Gorky Park, Moscow<\/a><\/p>\n<p>2021 <a href=\"http:\/\/muravina.com\/en\/news\/vystavka-v-spb\/\">Solo exhibition Abramova Gallery, St. Petersburg<\/a><\/p>\n<p>2021 <a href=\"https:\/\/muravina.com\/en\/news\/personalnaya-vystavka-v-muzee-erarta-sankt-peterburg\/\">Solo exhibition Erarta Museum,\u00a0 St. Petersburg<\/a><\/p>\n<p>&nbsp;<\/p>\n<p>&nbsp;<\/p>\n<p>International art festivals, art fairs:<\/p>\n<p>2006 \u00abMoscow International Art Salon\u00bb, Central House of Artists, Moscow<\/p>\n<p>2007 \u00abMoscow International Art Salon\u00bb, Central House of Artists, Moscow<\/p>\n<p>2008 \u00abArt-Manege\u00bb, gallery \u00abAG\u00bb, Manege, Moscow<\/p>\n<p>2009 \u00abMoscow International Art Salon\u00bb, Central House of Artists, Moscow<\/p>\n<p>2009 \u201cOpen art fair\u201d in Utrecht, the Netherlands<\/p>\n<p>2009 \u201cARTI09\u201d in The Hague, the Netherlands<\/p>\n<p>2009 \u201cArt-Manege\u201d, gallery \u201cArt Kvartal\u201d, Manege, Moscow<\/p>\n<p>2013 <a href=\"http:\/\/muravina.com\/en\/news\/nord-art-2013\/\">NordArt -2013. International Contemporary Art Fair Germany, B\u00fcdelsdorf<\/a><\/p>\n<p>2014 NordArt-2014 International Contemporary Art Fair Germany, B\u00fcdelsdorf<\/p>\n<p>2015 Affordable art fair, Singapore<\/p>\n<p>2018 <a href=\"http:\/\/muravina.com\/en\/news\/vystavka-v-aptekarskom-ogorode\/\">\u00abArs hortus\u00bb International Festival of Contemporary Art, Moscow State University \u201cAptekarsky Ogorod\u201d Botanical Garden, Moscow<\/a><\/p>\n<p>&nbsp;<\/p>\n<p>List of exhibitions:<\/p>\n<p>2022 Group exhibition, award Erarta Museum, St. Petersburg<\/p>\n<p>2021 Solo exhibition Abramova Gallery, St. Petersburg<\/p>\n<p>2021 Exhibition \u201cAnimalia\u201d in ROSIZO, Moscow<\/p>\n<p>2020 \u00a0Exhibition of Urban Sculpture in Gorky Park, Moscow<\/p>\n<p>2020 \u00a0Batimat Moscow 2020 \/ Global design, Crocus Expo, Moscow<\/p>\n<p>2020 \u00a0Exhibition Association of Moscow Sculptors, Kuznetsky Most 11, Moscow<\/p>\n<p>2019 \u00a0Exhibition Escape, Ingallery, CSI Cube.Moscow, Moscow<\/p>\n<p>2018 \u00a0Exhibition of Modern Urban Sculpture, Technopark, Skolkovo, Moscow<\/p>\n<p>2018 \u00a0Arshortus Contemporary Art Festival, Moscow State University &#8220;Aptekarsky Ogorod&#8221; Botanical Garden, Moscow<\/p>\n<p>2018 \u00a0Solo exhibition, &#8220;Easy reverie&#8221;, Alabriga, Spain<\/p>\n<p>2018 \u00a0&#8220;Creative Environments&#8221;, Central House of Artists,\u00a0 Moscow<\/p>\n<p>2017 \u00a0East West Gallery, Art Play, Moscow<\/p>\n<p>2017 \u00a0Exhibition of the association of Moscow sculptors in the ESC &#8221; Divny\u00bb, Moscow<\/p>\n<p>2016 \u00a0Exhibition dedicated to the 10th anniversary of the gallery 11\/12, CSI &#8221; Winzavod\u00bb Moscow<\/p>\n<p>2016 \u00a0Exhibition of the Association of Moscow Sculptors, Moscow State Pedagogical University, Moscow<\/p>\n<p>2015\u00a0\u00a0\u00a0 Affordable art fair, Singapore<\/p>\n<p>2015 Personal exhibition, Moscow State Pedagogical University, Moscow<\/p>\n<p>2015 Landscape Design Exhibition &#8220;Gardens and People&#8221;, Sokolniki Park, Moscow<\/p>\n<p>2015 &#8220;Zero Kilometer&#8221; Association of Moscow Sculptors, Moscow State Pedagogical University, Moscow<\/p>\n<p>2014 Exhibition &#8220;Russian Contemporary Art&#8221;, Carr\u00e9 Dor\u00e9 gallery, Monaco<\/p>\n<p>2014\u00a0\u00a0 &#8220;Illusions&#8221; open-air sculpture exhibition, Kolomenskoye Museum, Moscow<\/p>\n<p>2014\u00a0\u00a0 &#8220;Usadba Jazz&#8221;, Arkhangelskoe Museum-Park, Moscow<\/p>\n<p>2014\u00a0\u00a0 \u00abRussian Contemporary Art\u00bb, Carr\u00e9 Dor\u00e9 gallery, Monaco<\/p>\n<p>2014\u00a0\u00a0\u00a0\u00a0 NordArt-2014 International Contemporary Art Fair Germany, B\u00fcdelsdorf<\/p>\n<p>2014\u00a0\u00a0 Moscow sculptors&#8217; Association Moscow sculptors, Moscow State Pedagogical University, Moscow<\/p>\n<p>2013\u00a0\u00a0 11.12 Gallery&#8217;s First Anniversary ,\u00a0 Singapore<\/p>\n<p>2013 \u00a0\u00abMixed Media3\u00bb gallery 11.12 Winzavod Centre For Contemporary Art, Moscow<\/p>\n<p>2013\u00a0\u00a0 Personal exhibition, \u00abToys. Perfect World\u00bb, \u0421hamber of the Stroganovs, Usolie.<\/p>\n<p>2013 \u00a0Carr\u00e9 Dor\u00e9 Collection, Galerie Carr\u00e9 Dor\u00e9, Monaco<\/p>\n<p>2013 \u00a0\u00a0NordArt -2013. International Contemporary Art Fair Germany, B\u00fcdelsdorf<\/p>\n<p>2013 \u00a0\u00a0Personal exhibition \u00abToys. Perfect World\u00bb gallery 11.12 Winzavod Centre For<\/p>\n<p>Contemporary Art<\/p>\n<p>2012 \u00a0\u00a0\u00a0&#8220;Art mosaic. From Russia with love&#8221; Gallery 11.12\u00a0 in Singapore<\/p>\n<p>2012 \u00a0\u00a0\u00a0\u00abMixed Media2\u00bb gallery 11.12 Winzavod Centre For Contemporary Art, Moscow<\/p>\n<p>2011 \u00a0\u00a0\u00a0&#8220;Mixed Media. Monochrome&#8221; gallery 11.12 Winzavod Centre For Contemporary Art, Moscow<\/p>\n<p>2011 \u00a0\u00a0\u00a0Personal exhibition, &#8220;Boy on the sun&#8221;, Perm, Usolie.<\/p>\n<p>2010\u00a0 \u00a0\u00a0Personal exhibition, gallery &#8220;Noordeinde&#8221; in The Hague, the Netherlands<\/p>\n<p>2010 \u00a0\u00a0\u00a0Personal exhibition, &#8220;Small Moscow Paradise&#8221;, Center of contemporary art &#8220;M`ars&#8221;, Moscow.<\/p>\n<p>2010 \u00a0\u00a0\u00a0Exhibition of the Moscow Union of Artists. Central House of Artists, Moscow<\/p>\n<p>2009 \u00a0\u00a0\u00a0&#8220;Art-Manege&#8221;, gallery &#8220;Art Kvartal&#8221;, Manege, Moscow<\/p>\n<p>2009\u00a0\u00a0\u00a0 \u201cARTI09\u201d in The Hague, the Netherlands<\/p>\n<p>2009\u00a0\u00a0\u00a0 \u201cOpen art fair\u201d in Utrecht, the Netherlands<\/p>\n<p>2008\u00a0\u00a0 \u00abArt-Manege\u00bb, gallery \u00abAG\u00bb, Manege, Moscow<\/p>\n<p>2008\u00a0\u00a0 Yearly exhibition of the Moscow Union of Artists. Central House of Artists, Moscow.<\/p>\n<p>2008\u00a0\u00a0 \u00a0\u00a0Youth\u2019s exhibition of the Moscow Union of Artists. Central House of Artists, Moscow.<\/p>\n<p>2007\u00a0\u00a0 \u00abMoscow Fashion Expo\u00bb, Crocus-Expo, Moscow<\/p>\n<p>2007\u00a0\u00a0\u00a0 \u00abYouth of Russia\u00bb of the Russian Union of Artists. Central House of Artists, Moscow<\/p>\n<p>2007 \u00a0\u00a0\u00a0\u00abMoscow International Art Salon\u00bb, Central House of Artists, Moscow<\/p>\n<p>2006\u00a0 \u00a0\u00a0\u00abAssembly\u00bb, gallery\u00a0 \u00abLavrushyn\u00bb, Central House of Artists, Moscow<\/p>\n<p>2006 \u00a0\u00a0\u00abHudgraph\u00bb, Trade Center \u00abTishinka\u00bb, Moscow<\/p>\n<p>2006 \u00a0\u00a0\u00a0\u00abMoscow International Art Salon\u00bb, Central House of Artists, Moscow<\/p>\n<p>2006\u00a0\u00a0 \u00abImages\u00bb, gallery\u00a0 \u00abLavrushyn\u00bb, Central House of Artists, Moscow<\/p>\n<p>2005\u00a0\u00a0 \u00abArtists of Maslovka\u00bb, Central House of Artists, Moscow<\/p>\n<p>2004\u00a0 \u00a0\u00a0\u00abDead season\u00bb. Artist\u2019s House at Kuznetsky Most, Moscow<\/p>\n<p>2004\u00a0\u00a0 Yearly exhibition of the Moscow Union of Artists. Artist\u2019s House at Kuznetsky Most, Moscow<\/p>\n<p>2004\u00a0\u00a0 Yearly exhibition of the Moscow Union of Artists, Central House of Artists, Moscow.<\/p>\n<p>2003\u00a0\u00a0\u00a0 \u00ab70 years of the Moscow Union of Artists\u00bb. Manege, Moscow.<\/p>\n<p>2002\u00a0\u00a0 \u00abYouth of Russia\u00bb of the Russian Union of Artists, Central House of Artists, Moscow<\/p>\n<p>2001\u00a0\u00a0 Exhibition of degree works. Art Academy of Russia, Moscow<\/p>\n<p>1994\u00a0\u00a0 Christmas exhibition in the gallery \u00abUsadba\u00bb, Moscow<\/p>\n<p>1994\u00a0\u00a0 Exhibition of young artists in the gallery \u00abUsadba\u00bb, Moscow<\/p>\n<p>1994\u00a0\u00a0 Exhibition of graduating students of the Moscow Academic Art Lyceum, Moscow<\/p>\n<p>&nbsp;<\/p>\n<p>&nbsp;<\/p>\n<p>&nbsp;<\/p>","protected":false},"excerpt":{"rendered":"<p>\u00abThe sculptures by Olga Muravina have a rare quality to please in everyday life, and not only in a gallery or museum. This is living art that you want to keep next to you as a necessary beautiful thing. Her sculptures appeal to deep emotions of playing, security, and tactile communication with the world while [&hellip;]<\/p>\n","protected":false},"author":1,"featured_media":0,"parent":0,"menu_order":0,"comment_status":"closed","ping_status":"closed","template":"page-bio.php","meta":[],"_links":{"self":[{"href":"https:\/\/muravina.com\/en\/wp-json\/wp\/v2\/pages\/35"}],"collection":[{"href":"https:\/\/muravina.com\/en\/wp-json\/wp\/v2\/pages"}],"about":[{"href":"https:\/\/muravina.com\/en\/wp-json\/wp\/v2\/types\/page"}],"author":[{"embeddable":true,"href":"https:\/\/muravina.com\/en\/wp-json\/wp\/v2\/users\/1"}],"replies":[{"embeddable":true,"href":"https:\/\/muravina.com\/en\/wp-json\/wp\/v2\/comments?post=35"}],"version-history":[{"count":61,"href":"https:\/\/muravina.com\/en\/wp-json\/wp\/v2\/pages\/35\/revisions"}],"predecessor-version":[{"id":1568,"href":"https:\/\/muravina.com\/en\/wp-json\/wp\/v2\/pages\/35\/revisions\/1568"}],"wp:attachment":[{"href":"https:\/\/muravina.com\/en\/wp-json\/wp\/v2\/media?parent=35"}],"curies":[{"name":"wp","href":"https:\/\/api.w.org\/{rel}","templated":true}]}}